{"id":1390,"date":"2022-03-16T18:24:22","date_gmt":"2022-03-16T18:24:22","guid":{"rendered":"http:\/\/cyclenium.com\/?page_id=1390"},"modified":"2026-01-30T08:35:31","modified_gmt":"2026-01-30T08:35:31","slug":"careers-fr","status":"publish","type":"page","link":"https:\/\/cyclenium.com\/?page_id=1390","title":{"rendered":"Carri\u00e8res"},"content":{"rendered":"\t\t<div data-elementor-type=\"wp-page\" data-elementor-id=\"1390\" class=\"elementor elementor-1390\">\n\t\t\t\t\t\t<section class=\"elementor-section elementor-top-section elementor-element elementor-element-367fce1c elementor-section-boxed elementor-section-height-default elementor-section-height-default elementor-invisible\" data-id=\"367fce1c\" data-element_type=\"section\" data-e-type=\"section\" data-settings=\"{&quot;animation&quot;:&quot;fadeIn&quot;}\">\n\t\t\t\t\t\t<div class=\"elementor-container elementor-column-gap-default\">\n\t\t\t\t\t<div class=\"elementor-column elementor-col-33 elementor-top-column elementor-element elementor-element-5c85d759 elementor-invisible\" data-id=\"5c85d759\" data-element_type=\"column\" data-e-type=\"column\" data-settings=\"{&quot;animation&quot;:&quot;fadeIn&quot;,&quot;animation_delay&quot;:200,&quot;background_background&quot;:&quot;classic&quot;}\">\n\t\t\t<div class=\"elementor-widget-wrap elementor-element-populated\">\n\t\t\t\t\t\t<div class=\"elementor-element elementor-element-2afda6ee de_scroll_animation_no elementor-widget elementor-widget-image\" data-id=\"2afda6ee\" data-element_type=\"widget\" data-e-type=\"widget\" data-widget_type=\"image.default\">\n\t\t\t\t<div class=\"elementor-widget-container\">\n\t\t\t\t\t\t\t\t\t\t\t\t\t\t\t\t<a href=\"http:\/\/cyclenium.com\/?page_id=1384\">\n\t\t\t\t\t\t\t<img fetchpriority=\"high\" decoding=\"async\" width=\"800\" height=\"213\" src=\"https:\/\/cyclenium.com\/wp-content\/uploads\/2022\/03\/Asset-4@2x-1024x272.png\" class=\"elementor-animation-float attachment-large size-large wp-image-1330\" alt=\"\" srcset=\"https:\/\/cyclenium.com\/wp-content\/uploads\/2022\/03\/Asset-4@2x-1024x272.png 1024w, https:\/\/cyclenium.com\/wp-content\/uploads\/2022\/03\/Asset-4@2x-300x80.png 300w, https:\/\/cyclenium.com\/wp-content\/uploads\/2022\/03\/Asset-4@2x-768x204.png 768w, https:\/\/cyclenium.com\/wp-content\/uploads\/2022\/03\/Asset-4@2x-1536x408.png 1536w, https:\/\/cyclenium.com\/wp-content\/uploads\/2022\/03\/Asset-4@2x.png 1595w\" sizes=\"(max-width: 800px) 100vw, 800px\" \/>\t\t\t\t\t\t\t\t<\/a>\n\t\t\t\t\t\t\t\t\t\t\t\t\t\t\t<\/div>\n\t\t\t\t<\/div>\n\t\t\t\t\t<\/div>\n\t\t<\/div>\n\t\t\t\t<div class=\"elementor-column elementor-col-33 elementor-top-column elementor-element elementor-element-9864870\" data-id=\"9864870\" data-element_type=\"column\" data-e-type=\"column\" data-settings=\"{&quot;background_background&quot;:&quot;classic&quot;}\">\n\t\t\t<div class=\"elementor-widget-wrap elementor-element-populated\">\n\t\t\t\t\t\t<div class=\"elementor-element elementor-element-1a6929b2 de_scroll_animation_no elementor-invisible elementor-widget elementor-widget-ekit-nav-menu\" data-id=\"1a6929b2\" data-element_type=\"widget\" data-e-type=\"widget\" data-settings=\"{&quot;_animation&quot;:&quot;fadeIn&quot;}\" data-widget_type=\"ekit-nav-menu.default\">\n\t\t\t\t<div class=\"elementor-widget-container\">\n\t\t\t\t\t\t\t<nav class=\"ekit-wid-con ekit_menu_responsive_tablet\"\n\t\t\tdata-hamburger-icon=\"icon icon-menu-7\"\n\t\t\tdata-hamburger-icon-type=\"icon\"\n\t\t\tdata-responsive-breakpoint=\"1024\">\n\t\t\t            <button class=\"elementskit-menu-hamburger elementskit-menu-toggler\"  type=\"button\" aria-label=\"hamburger-icon\">\n                <i aria-hidden=\"true\" class=\"ekit-menu-icon icon icon-menu-7\"><\/i>            <\/button>\n            <div id=\"ekit-megamenu-header-menu-french\" class=\"elementskit-menu-container elementskit-menu-offcanvas-elements elementskit-navbar-nav-default ekit-nav-menu-one-page- ekit-nav-dropdown-hover\"><ul id=\"menu-header-menu-french\" class=\"elementskit-navbar-nav elementskit-menu-po-right submenu-click-on-icon\"><li id=\"menu-item-1401\" class=\"menu-item menu-item-type-post_type menu-item-object-page menu-item-1401 nav-item elementskit-mobile-builder-content\" data-vertical-menu=750px><a href=\"https:\/\/cyclenium.com\/?page_id=1384\" class=\"ekit-menu-nav-link\">Accueil<\/a><\/li>\n<li id=\"menu-item-1400\" class=\"menu-item menu-item-type-post_type menu-item-object-page menu-item-1400 nav-item elementskit-mobile-builder-content\" data-vertical-menu=750px><a href=\"https:\/\/cyclenium.com\/?page_id=1387\" class=\"ekit-menu-nav-link\">Technologie<\/a><\/li>\n<li id=\"menu-item-2058\" class=\"menu-item menu-item-type-post_type menu-item-object-page menu-item-2058 nav-item elementskit-mobile-builder-content\" data-vertical-menu=750px><a href=\"https:\/\/cyclenium.com\/?page_id=1386\" class=\"ekit-menu-nav-link\">Portefeuille de produits<\/a><\/li>\n<li id=\"menu-item-1396\" class=\"menu-item menu-item-type-post_type menu-item-object-page menu-item-1396 nav-item elementskit-mobile-builder-content\" data-vertical-menu=750px><a href=\"https:\/\/cyclenium.com\/?page_id=1388\" class=\"ekit-menu-nav-link\">Nouvelles<\/a><\/li>\n<li id=\"menu-item-1398\" class=\"menu-item menu-item-type-post_type menu-item-object-page menu-item-1398 nav-item elementskit-mobile-builder-content\" data-vertical-menu=750px><a href=\"https:\/\/cyclenium.com\/?page_id=1390\" class=\"ekit-menu-nav-link\">Carri\u00e8res<\/a><\/li>\n<li id=\"menu-item-1397\" class=\"menu-item menu-item-type-post_type menu-item-object-page menu-item-1397 nav-item elementskit-mobile-builder-content\" data-vertical-menu=750px><a href=\"https:\/\/cyclenium.com\/?page_id=1389\" class=\"ekit-menu-nav-link\">Contact<\/a><\/li>\n<\/ul><div class=\"elementskit-nav-identity-panel\"><a class=\"elementskit-nav-logo\" href=\"https:\/\/cyclenium.com\" target=\"\" rel=\"\"><img src=\"http:\/\/cyclenium.com\/wp-content\/uploads\/2022\/03\/Asset-4@2x.png\" title=\"Asset 4@2x\" alt=\"Asset 4@2x\" decoding=\"async\" \/><\/a><button class=\"elementskit-menu-close elementskit-menu-toggler\" type=\"button\">X<\/button><\/div><\/div>\n\t\t\t<div class=\"elementskit-menu-overlay elementskit-menu-offcanvas-elements elementskit-menu-toggler ekit-nav-menu--overlay\"><\/div>        <\/nav>\n\t\t\t\t\t\t<\/div>\n\t\t\t\t<\/div>\n\t\t\t\t\t<\/div>\n\t\t<\/div>\n\t\t\t\t<div class=\"elementor-column elementor-col-33 elementor-top-column elementor-element elementor-element-539bc8cd\" data-id=\"539bc8cd\" data-element_type=\"column\" data-e-type=\"column\">\n\t\t\t<div class=\"elementor-widget-wrap elementor-element-populated\">\n\t\t\t\t\t\t<div class=\"elementor-element elementor-element-7965e76f elementor-align-right elementor-widget__width-initial de_scroll_animation_no elementor-widget elementor-widget-elementskit-button\" data-id=\"7965e76f\" data-element_type=\"widget\" data-e-type=\"widget\" data-widget_type=\"elementskit-button.default\">\n\t\t\t\t<div class=\"elementor-widget-container\">\n\t\t\t\t\t<div class=\"ekit-wid-con\" >\t\t<div class=\"ekit-btn-wraper\">\n\t\t\t\t\t\t\t<a href=\"http:\/\/cyclenium.com\/?page_id=784\" class=\"elementskit-btn  whitespace--normal\" id=\"\">\n\t\t\t\t\tEN\t\t\t\t<\/a>\n\t\t\t\t\t<\/div>\n        <\/div>\t\t\t\t<\/div>\n\t\t\t\t<\/div>\n\t\t\t\t\t<\/div>\n\t\t<\/div>\n\t\t\t\t\t<\/div>\n\t\t<\/section>\n\t\t\t\t<section class=\"elementor-section elementor-top-section elementor-element elementor-element-137d356 elementor-section-boxed elementor-section-height-default elementor-section-height-default\" data-id=\"137d356\" data-element_type=\"section\" data-e-type=\"section\" data-settings=\"{&quot;background_background&quot;:&quot;gradient&quot;}\">\n\t\t\t\t\t\t\t<div class=\"elementor-background-overlay\"><\/div>\n\t\t\t\t\t\t\t<div class=\"elementor-container elementor-column-gap-default\">\n\t\t\t\t\t<div class=\"elementor-column elementor-col-50 elementor-top-column elementor-element elementor-element-528f628\" data-id=\"528f628\" data-element_type=\"column\" data-e-type=\"column\">\n\t\t\t<div class=\"elementor-widget-wrap elementor-element-populated\">\n\t\t\t\t\t\t<div class=\"elementor-element elementor-element-f7db346 de_scroll_animation_no elementor-invisible elementor-widget elementor-widget-heading\" data-id=\"f7db346\" data-element_type=\"widget\" data-e-type=\"widget\" data-settings=\"{&quot;_animation&quot;:&quot;fadeInUp&quot;}\" data-widget_type=\"heading.default\">\n\t\t\t\t<div class=\"elementor-widget-container\">\n\t\t\t\t\t<h2 class=\"elementor-heading-title elementor-size-default\">Carri\u00e8res<\/h2>\t\t\t\t<\/div>\n\t\t\t\t<\/div>\n\t\t\t\t<div class=\"elementor-element elementor-element-01f1e4d de_scroll_animation_no elementor-invisible elementor-widget elementor-widget-text-editor\" data-id=\"01f1e4d\" data-element_type=\"widget\" data-e-type=\"widget\" data-settings=\"{&quot;_animation&quot;:&quot;fadeInUp&quot;,&quot;_animation_delay&quot;:200}\" data-widget_type=\"text-editor.default\">\n\t\t\t\t<div class=\"elementor-widget-container\">\n\t\t\t\t\t\t\t\t\t<p>Pour soutenir l&#8217;expansion de nos efforts internes et collaboratifs de d\u00e9couverte de m\u00e9dicaments, Cyclenium Pharma est pr\u00e9sentement \u00e0 la recherche de scientifiques exp\u00e9riment\u00e9s pour les postes suivants afin de rejoindre le personnel exceptionnel de notre site de R &amp; D \u00e0 Montr\u00e9al (Qu\u00e9bec).<\/p>\t\t\t\t\t\t\t\t<\/div>\n\t\t\t\t<\/div>\n\t\t\t\t<div class=\"elementor-element elementor-element-7f5317f de_scroll_animation_no elementor-invisible elementor-widget elementor-widget-text-editor\" data-id=\"7f5317f\" data-element_type=\"widget\" data-e-type=\"widget\" data-settings=\"{&quot;_animation&quot;:&quot;fadeInUp&quot;,&quot;_animation_delay&quot;:200}\" data-widget_type=\"text-editor.default\">\n\t\t\t\t<div class=\"elementor-widget-container\">\n\t\t\t\t\t\t\t\t\t<p><a href=\"http:\/\/cyclenium.com\/wp-content\/uploads\/2024\/05\/Scientifique_senior_chemie_organique_ou_medicinale_description_travail_avril2024.pdf\">Scientifique senior chimie organique ou m\u00e9dicinale (Ph.D.)<\/a><\/p><p><a href=\"http:\/\/cyclenium.com\/wp-content\/uploads\/2024\/05\/Associe_de_recherche_senior_en_chimie_organique_ou_medicinale_description_travail_avril2024.pdf\">Associ\u00e9(e) de recherche senior, chimie organique ou m\u00e9dicinale (M.Sc.)<\/a><\/p><p><a href=\"http:\/\/cyclenium.com\/wp-content\/uploads\/2024\/05\/Assistant_ou_Associe_de_recherche_en_purification_et_chimie_analytique_description_travail_avril2024.pdf\">Assistant(e) ou Associ\u00e9(e) de recherche en purification et chimie analytique<\/a><\/p><p><a href=\"http:\/\/cyclenium.com\/wp-content\/uploads\/2026\/01\/Cyclenium_Associe-de-Recherche-en-Purification-et-Chimie-Analytique_2026.pdf\">Associ\u00e9 de recherche en purification et chimie analytique Montr\u00e9al<\/a><\/p>\t\t\t\t\t\t\t\t<\/div>\n\t\t\t\t<\/div>\n\t\t\t\t<div class=\"elementor-element elementor-element-9b16a20 elementor-widget__width-initial de_scroll_animation_no elementor-invisible elementor-widget elementor-widget-text-editor\" data-id=\"9b16a20\" data-element_type=\"widget\" data-e-type=\"widget\" data-settings=\"{&quot;_animation&quot;:&quot;fadeInUp&quot;,&quot;_animation_delay&quot;:200}\" data-widget_type=\"text-editor.default\">\n\t\t\t\t<div class=\"elementor-widget-container\">\n\t\t\t\t\t\t\t\t\t<p>De plus, nous acceptons \u00e0 tout moment les candidatures de chercheurs cr\u00e9atifs, talentueux et innovants poss\u00e9dant une expertise en chimie m\u00e9dicinale, organique ou analytique.<\/p><p>Cyclenium Pharma offre un environnement stimulant et plein de d\u00e9fis, qui r\u00e9compense les performances individuelle et collective. Si vous \u00eates int\u00e9ress\u00e9s \u00e0 joindre notre \u00e9quipe de recherche de haut calibre, SVP faire suivre votre CV pour une \u00e9valuation rapide et confidentielle \u00e0 :<\/p><p>Cyclenium Pharma Inc.<br \/>7210, rue Frederick-Banting<br \/>#200 Montr\u00e9al (Qu\u00e9bec) H4S 2A1<\/p><p>Courriel: <a class=\"link\" href=\"mailto:jobs@spirochem.com\">jobs@spirochem.com<\/a><\/p><p><em>Cyclenium Pharma est un employeur respectueux de l&#8217;\u00e9quit\u00e9 en mati\u00e8re d&#8217;emploi. Toutes nos pratiques d&#8217;emploi, y compris l&#8217;embauche, le recrutement, la formation, la r\u00e9mun\u00e9ration, l&#8217;\u00e9valuation, la promotion, et la cessation d&#8217;emploi, sont uniquement bas\u00e9es sur les qualifications, le m\u00e9rite individuel, et les besoins de l&#8217;organisation \u00e0 ce moment-l\u00e0. Cyclenium fournit un environnement de travail inclusif qui respecte la dignit\u00e9 et la valeur de chaque personne et interdit toute forme de discrimination et de harc\u00e8lement fond\u00e9s sur la race, la couleur, le sexe, l&#8217;\u00e2ge, la religion, l&#8217;origine nationale, de l&#8217;ascendance, la citoyennet\u00e9, l&#8217;\u00e9tat civil, les opinions politiques, l&#8217;orientation sexuelle, les informations g\u00e9n\u00e9tiques, l&#8217;identit\u00e9 de genre, le handicap, le statut militaire, ou toute autre caract\u00e9ristique prot\u00e9g\u00e9e par la loi en vigueur. Nous valorisons la diversit\u00e9 en milieu de travail et encourageons les membres des groupes minoritaires et ayant des ant\u00e9c\u00e9dents divers \u00e0 postuler.<\/em><\/p>\t\t\t\t\t\t\t\t<\/div>\n\t\t\t\t<\/div>\n\t\t\t\t\t<\/div>\n\t\t<\/div>\n\t\t\t\t<div class=\"elementor-column elementor-col-50 elementor-top-column elementor-element elementor-element-deed913\" data-id=\"deed913\" data-element_type=\"column\" data-e-type=\"column\">\n\t\t\t<div class=\"elementor-widget-wrap\">\n\t\t\t\t\t\t\t<\/div>\n\t\t<\/div>\n\t\t\t\t\t<\/div>\n\t\t<\/section>\n\t\t\t\t<section class=\"elementor-section elementor-top-section elementor-element elementor-element-721bbeef elementor-section-boxed elementor-section-height-default elementor-section-height-default\" data-id=\"721bbeef\" data-element_type=\"section\" data-e-type=\"section\" id=\"footer\" data-settings=\"{&quot;background_background&quot;:&quot;classic&quot;}\">\n\t\t\t\t\t\t\t<div class=\"elementor-background-overlay\"><\/div>\n\t\t\t\t\t\t\t<div class=\"elementor-container elementor-column-gap-default\">\n\t\t\t\t\t<div class=\"elementor-column elementor-col-100 elementor-top-column elementor-element elementor-element-7e6f38ad\" data-id=\"7e6f38ad\" data-element_type=\"column\" data-e-type=\"column\">\n\t\t\t<div class=\"elementor-widget-wrap elementor-element-populated\">\n\t\t\t\t\t\t<section class=\"elementor-section elementor-inner-section elementor-element elementor-element-7bdfa2b8 elementor-section-boxed elementor-section-height-default elementor-section-height-default\" data-id=\"7bdfa2b8\" data-element_type=\"section\" data-e-type=\"section\">\n\t\t\t\t\t\t<div class=\"elementor-container elementor-column-gap-default\">\n\t\t\t\t\t<div class=\"elementor-column elementor-col-33 elementor-inner-column elementor-element elementor-element-23887518\" data-id=\"23887518\" data-element_type=\"column\" data-e-type=\"column\">\n\t\t\t<div class=\"elementor-widget-wrap elementor-element-populated\">\n\t\t\t\t\t\t<div class=\"elementor-element elementor-element-537c19bd de_scroll_animation_no elementor-widget elementor-widget-image\" data-id=\"537c19bd\" data-element_type=\"widget\" data-e-type=\"widget\" data-widget_type=\"image.default\">\n\t\t\t\t<div class=\"elementor-widget-container\">\n\t\t\t\t\t\t\t\t\t\t\t\t\t\t\t<img decoding=\"async\" width=\"800\" height=\"213\" src=\"https:\/\/cyclenium.com\/wp-content\/uploads\/2022\/03\/Asset-4@2x-1024x272.png\" class=\"attachment-large size-large wp-image-1330\" alt=\"\" srcset=\"https:\/\/cyclenium.com\/wp-content\/uploads\/2022\/03\/Asset-4@2x-1024x272.png 1024w, https:\/\/cyclenium.com\/wp-content\/uploads\/2022\/03\/Asset-4@2x-300x80.png 300w, https:\/\/cyclenium.com\/wp-content\/uploads\/2022\/03\/Asset-4@2x-768x204.png 768w, https:\/\/cyclenium.com\/wp-content\/uploads\/2022\/03\/Asset-4@2x-1536x408.png 1536w, https:\/\/cyclenium.com\/wp-content\/uploads\/2022\/03\/Asset-4@2x.png 1595w\" sizes=\"(max-width: 800px) 100vw, 800px\" \/>\t\t\t\t\t\t\t\t\t\t\t\t\t\t\t<\/div>\n\t\t\t\t<\/div>\n\t\t\t\t<div class=\"elementor-element elementor-element-742dc11e de_scroll_animation_no elementor-widget elementor-widget-text-editor\" data-id=\"742dc11e\" data-element_type=\"widget\" data-e-type=\"widget\" data-widget_type=\"text-editor.default\">\n\t\t\t\t<div class=\"elementor-widget-container\">\n\t\t\t\t\t\t\t\t\t<p>Soci\u00e9t\u00e9 de recherche et d\u00e9veloppement pharmaceutique<\/p>\t\t\t\t\t\t\t\t<\/div>\n\t\t\t\t<\/div>\n\t\t\t\t\t<\/div>\n\t\t<\/div>\n\t\t\t\t<div class=\"elementor-column elementor-col-33 elementor-inner-column elementor-element elementor-element-4946c5fb\" data-id=\"4946c5fb\" data-element_type=\"column\" data-e-type=\"column\">\n\t\t\t<div class=\"elementor-widget-wrap elementor-element-populated\">\n\t\t\t\t\t\t<div class=\"elementor-element elementor-element-48705f4e de_scroll_animation_no elementor-widget elementor-widget-text-editor\" data-id=\"48705f4e\" data-element_type=\"widget\" data-e-type=\"widget\" data-widget_type=\"text-editor.default\">\n\t\t\t\t<div class=\"elementor-widget-container\">\n\t\t\t\t\t\t\t\t\t<p><a href=\"http:\/\/cyclenium.com\/?page_id=1384\">Accueil<\/a><\/p><p><a href=\"http:\/\/cyclenium.com\/?page_id=1387\">Technologie<\/a><\/p><p><a href=\"http:\/\/cyclenium.com\/?page_id=1386\">Portefeuille de produits<\/a><\/p><p><a href=\"http:\/\/cyclenium.com\/?page_id=1388\">Nouvelles<\/a><\/p><p><a href=\"http:\/\/cyclenium.com\/?page_id=1390\">Carri\u00e8res<\/a><\/p><p><a href=\"http:\/\/cyclenium.com\/?page_id=1389\">Contact<\/a><\/p>\t\t\t\t\t\t\t\t<\/div>\n\t\t\t\t<\/div>\n\t\t\t\t\t<\/div>\n\t\t<\/div>\n\t\t\t\t<div class=\"elementor-column elementor-col-33 elementor-inner-column elementor-element elementor-element-550e9c3e\" data-id=\"550e9c3e\" data-element_type=\"column\" data-e-type=\"column\">\n\t\t\t<div class=\"elementor-widget-wrap elementor-element-populated\">\n\t\t\t\t\t\t<div class=\"elementor-element elementor-element-6a8c46dc de_scroll_animation_no elementor-widget elementor-widget-heading\" data-id=\"6a8c46dc\" data-element_type=\"widget\" data-e-type=\"widget\" data-widget_type=\"heading.default\">\n\t\t\t\t<div class=\"elementor-widget-container\">\n\t\t\t\t\t<h3 class=\"elementor-heading-title elementor-size-default\">Contactez-nous<\/h3>\t\t\t\t<\/div>\n\t\t\t\t<\/div>\n\t\t\t\t<div class=\"elementor-element elementor-element-40aedc2c de_scroll_animation_no elementor-widget elementor-widget-heading\" data-id=\"40aedc2c\" data-element_type=\"widget\" data-e-type=\"widget\" data-widget_type=\"heading.default\">\n\t\t\t\t<div class=\"elementor-widget-container\">\n\t\t\t\t\t<h2 class=\"elementor-heading-title elementor-size-default\">contact@spirochem.com<\/h2>\t\t\t\t<\/div>\n\t\t\t\t<\/div>\n\t\t\t\t<div class=\"elementor-element elementor-element-62c687e de_scroll_animation_no elementor-widget elementor-widget-heading\" data-id=\"62c687e\" data-element_type=\"widget\" data-e-type=\"widget\" data-widget_type=\"heading.default\">\n\t\t\t\t<div class=\"elementor-widget-container\">\n\t\t\t\t\t<h2 class=\"elementor-heading-title elementor-size-default\">+41 61 685 9500<\/h2>\t\t\t\t<\/div>\n\t\t\t\t<\/div>\n\t\t\t\t<div class=\"elementor-element elementor-element-3a1eb2fe de_scroll_animation_no elementor-widget elementor-widget-heading\" data-id=\"3a1eb2fe\" data-element_type=\"widget\" data-e-type=\"widget\" data-widget_type=\"heading.default\">\n\t\t\t\t<div class=\"elementor-widget-container\">\n\t\t\t\t\t<h3 class=\"elementor-heading-title elementor-size-default\">Les m\u00e9dias sociaux<\/h3>\t\t\t\t<\/div>\n\t\t\t\t<\/div>\n\t\t\t\t<div class=\"elementor-element elementor-element-4952af5e elementor-shape-circle e-grid-align-left e-grid-align-tablet-center elementor-widget__width-auto elementor-grid-0 de_scroll_animation_no elementor-widget elementor-widget-social-icons\" data-id=\"4952af5e\" data-element_type=\"widget\" data-e-type=\"widget\" data-widget_type=\"social-icons.default\">\n\t\t\t\t<div class=\"elementor-widget-container\">\n\t\t\t\t\t\t\t<div class=\"elementor-social-icons-wrapper elementor-grid\">\n\t\t\t\t\t\t\t<span class=\"elementor-grid-item\">\n\t\t\t\t\t<a class=\"elementor-icon elementor-social-icon elementor-social-icon-linkedin elementor-animation-push elementor-repeater-item-2bfbe8d\" href=\"https:\/\/www.linkedin.com\/company\/cyclenium-pharma-inc-\/about\/\" target=\"_blank\">\n\t\t\t\t\t\t<span class=\"elementor-screen-only\">Linkedin<\/span>\n\t\t\t\t\t\t<i aria-hidden=\"true\" class=\"fab fa-linkedin\"><\/i>\t\t\t\t\t<\/a>\n\t\t\t\t<\/span>\n\t\t\t\t\t<\/div>\n\t\t\t\t\t\t<\/div>\n\t\t\t\t<\/div>\n\t\t\t\t\t<\/div>\n\t\t<\/div>\n\t\t\t\t\t<\/div>\n\t\t<\/section>\n\t\t\t\t<section class=\"elementor-section elementor-inner-section elementor-element elementor-element-5c6b6d7 elementor-reverse-mobile elementor-section-boxed elementor-section-height-default elementor-section-height-default\" data-id=\"5c6b6d7\" data-element_type=\"section\" data-e-type=\"section\">\n\t\t\t\t\t\t<div class=\"elementor-container elementor-column-gap-default\">\n\t\t\t\t\t<div class=\"elementor-column elementor-col-100 elementor-inner-column elementor-element elementor-element-3b6538c2\" data-id=\"3b6538c2\" data-element_type=\"column\" data-e-type=\"column\">\n\t\t\t<div class=\"elementor-widget-wrap elementor-element-populated\">\n\t\t\t\t\t\t<div class=\"elementor-element elementor-element-593060a7 de_scroll_animation_no elementor-widget elementor-widget-text-editor\" data-id=\"593060a7\" data-element_type=\"widget\" data-e-type=\"widget\" data-widget_type=\"text-editor.default\">\n\t\t\t\t<div class=\"elementor-widget-container\">\n\t\t\t\t\t\t\t\t\t<p>Copyright \u00a9 2023-2024 Cyclenium Pharma<\/p>\t\t\t\t\t\t\t\t<\/div>\n\t\t\t\t<\/div>\n\t\t\t\t\t<\/div>\n\t\t<\/div>\n\t\t\t\t\t<\/div>\n\t\t<\/section>\n\t\t\t\t\t<\/div>\n\t\t<\/div>\n\t\t\t\t\t<\/div>\n\t\t<\/section>\n\t\t\t\t<\/div>\n\t\t","protected":false},"excerpt":{"rendered":"<p>Accueil Technologie Portefeuille de produits Nouvelles Carri\u00e8res Contact X EN Carri\u00e8res Pour soutenir l&#8217;expansion de nos efforts internes et collaboratifs de d\u00e9couverte de m\u00e9dicaments, Cyclenium Pharma est pr\u00e9sentement \u00e0 la recherche de scientifiques exp\u00e9riment\u00e9s pour les postes suivants afin de rejoindre le personnel exceptionnel de notre site de R &amp; D \u00e0 Montr\u00e9al (Qu\u00e9bec). Scientifique [&hellip;]<\/p>\n","protected":false},"author":1,"featured_media":0,"parent":0,"menu_order":0,"comment_status":"closed","ping_status":"closed","template":"elementor_canvas","meta":{"footnotes":""},"class_list":["post-1390","page","type-page","status-publish","hentry"],"_links":{"self":[{"href":"https:\/\/cyclenium.com\/index.php?rest_route=\/wp\/v2\/pages\/1390","targetHints":{"allow":["GET"]}}],"collection":[{"href":"https:\/\/cyclenium.com\/index.php?rest_route=\/wp\/v2\/pages"}],"about":[{"href":"https:\/\/cyclenium.com\/index.php?rest_route=\/wp\/v2\/types\/page"}],"author":[{"embeddable":true,"href":"https:\/\/cyclenium.com\/index.php?rest_route=\/wp\/v2\/users\/1"}],"replies":[{"embeddable":true,"href":"https:\/\/cyclenium.com\/index.php?rest_route=%2Fwp%2Fv2%2Fcomments&post=1390"}],"version-history":[{"count":86,"href":"https:\/\/cyclenium.com\/index.php?rest_route=\/wp\/v2\/pages\/1390\/revisions"}],"predecessor-version":[{"id":2245,"href":"https:\/\/cyclenium.com\/index.php?rest_route=\/wp\/v2\/pages\/1390\/revisions\/2245"}],"wp:attachment":[{"href":"https:\/\/cyclenium.com\/index.php?rest_route=%2Fwp%2Fv2%2Fmedia&parent=1390"}],"curies":[{"name":"wp","href":"https:\/\/api.w.org\/{rel}","templated":true}]}}